{"id":212,"date":"2023-01-03T17:11:47","date_gmt":"2023-01-03T17:11:47","guid":{"rendered":"https:\/\/odontologosdiso.com\/?page_id=212"},"modified":"2026-02-18T10:55:29","modified_gmt":"2026-02-18T10:55:29","slug":"contacto","status":"publish","type":"page","link":"https:\/\/odontologosdiso.com\/ca\/contacto\/","title":{"rendered":"CONTACTE"},"content":{"rendered":"<p>[et_pb_section fb_built=\u00bb1&#8243; custom_padding_last_edited=\u00bbon|phone\u00bb admin_label=\u00bbHeader\u00bb _builder_version=\u00bb4.19.4&#8243; use_background_color_gradient=\u00bbon\u00bb background_color_gradient_type=\u00bbcircular\u00bb background_color_gradient_direction_radial=\u00bbright\u00bb background_color_gradient_stops=\u00bbrgba(255,255,255,0) 0%|#ffffff 70%\u00bb background_color_gradient_overlays_image=\u00bbon\u00bb background_color_gradient_start=\u00bbrgba(255,255,255,0)\u00bb background_color_gradient_end=\u00bb#ffffff\u00bb background_color_gradient_end_position=\u00bb70%\u00bb background_image=\u00bbhttps:\/\/odontologosdiso.com\/wp-content\/uploads\/2023\/01\/clinica-dental.webp\u00bb background_position=\u00bbcenter_right\u00bb custom_margin=\u00bb|||\u00bb custom_padding=\u00bb6vw||6vw||true|false\u00bb custom_padding_tablet=\u00bb||||false|false\u00bb custom_padding_phone=\u00bb||||false|false\u00bb border_radii=\u00bb||||10vw\u00bb box_shadow_style=\u00bbpreset1&#8243; box_shadow_vertical=\u00bb40px\u00bb box_shadow_blur=\u00bb60px\u00bb box_shadow_color=\u00bbrgba(0,64,135,0.06)\u00bb global_colors_info=\u00bb{}\u00bb][et_pb_row column_structure=\u00bb3_5,2_5&#8243; _builder_version=\u00bb4.16&#8243; global_colors_info=\u00bb{}\u00bb][et_pb_column type=\u00bb3_5&#8243; _builder_version=\u00bb4.16&#8243; custom_padding=\u00bb|||\u00bb global_colors_info=\u00bb{}\u00bb custom_padding__hover=\u00bb|||\u00bb][et_pb_text _builder_version=\u00bb4.21.0&#8243; text_font=\u00bb||||||||\u00bb text_font_size=\u00bb18px\u00bb header_font=\u00bb||||||||\u00bb header_font_size=\u00bb50px\u00bb header_line_height=\u00bb1.4em\u00bb header_2_font=\u00bb||||||||\u00bb header_2_text_color=\u00bbrgba(0,0,0,0.35)\u00bb header_2_font_size=\u00bb20px\u00bb header_2_line_height=\u00bb1.6em\u00bb animation_style=\u00bbslide\u00bb animation_direction=\u00bbbottom\u00bb header_font_size_tablet=\u00bb35px\u00bb header_font_size_phone=\u00bb25px\u00bb header_font_size_last_edited=\u00bbon|desktop\u00bb global_colors_info=\u00bb{}\u00bb]<\/p>\n<h1 style=\"text-align: left;\">Contacto<\/h1>\n<p>Rellena el formulario de contacto o utiliza los tel\u00e9fonos a continuaci\u00f3n para contactor con nuestros especialistas en odontolog\u00eda y ortodoncia.<\/p>\n<p>Cu\u00e9ntanos con que te podemos ayudar y tu dentista de confianza u odont\u00f3logo se pondr\u00e1 en contacto contigo lo m\u00e1s r\u00e1pido posible.<\/p>\n<p>&nbsp;<\/p>\n<p>[\/et_pb_text][\/et_pb_column][et_pb_column type=\u00bb2_5&#8243; _builder_version=\u00bb4.16&#8243; custom_padding=\u00bb15px|||\u00bb global_colors_info=\u00bb{}\u00bb custom_padding__hover=\u00bb|||\u00bb][et_pb_contact_form captcha=\u00bboff\u00bb email=\u00bbinfo@odontologosdiso.com\u00bb custom_message=\u00bbMensaje enviado por: %%nombre%%||et_pb_line_break_holder||Tel\u00e9fono cliente: %%telefono%%||et_pb_line_break_holder||Correo cliente: %%email%%||et_pb_line_break_holder||||et_pb_line_break_holder||Mensaje:||et_pb_line_break_holder||%%mensaje%%||et_pb_line_break_holder||||et_pb_line_break_holder||Correo enviado por odontologosdiso.com\u00bb success_message=\u00bbGracias por contactar con DISO Odont\u00f3logos \u00bb submit_button_text=\u00bbEnviar\u00bb module_id=\u00bbet_pb_contact_form_0&#8243; _builder_version=\u00bb4.27.5&#8243; form_field_background_color=\u00bb#ffffff\u00bb title_level=\u00bbh2&#8243; title_font=\u00bb||||||||\u00bb title_font_size=\u00bb40px\u00bb title_line_height=\u00bb1.4em\u00bb form_field_font=\u00bb||||||||\u00bb form_field_font_size=\u00bb16px\u00bb form_field_line_height=\u00bb1.8em\u00bb custom_button=\u00bbon\u00bb button_text_size=\u00bb16px\u00bb button_text_color=\u00bb#ffffff\u00bb button_bg_color=\u00bbgcid-body-color\u00bb button_border_width=\u00bb7px\u00bb button_border_color=\u00bbrgba(0,0,0,0)\u00bb button_border_radius=\u00bb100px\u00bb button_font=\u00bb|700|||||||\u00bb custom_margin=\u00bb|||\u00bb hover_enabled=\u00bb0&#8243; title_font_size_tablet=\u00bb35px\u00bb title_font_size_phone=\u00bb25px\u00bb title_font_size_last_edited=\u00bbon|phone\u00bb border_radii=\u00bbon|0.6rem|0.6rem|0.6rem|0.6rem\u00bb box_shadow_style=\u00bbpreset3&#8243; box_shadow_vertical=\u00bb20px\u00bb box_shadow_blur=\u00bb30px\u00bb box_shadow_color=\u00bbrgba(147,198,198,0.43)\u00bb form_background_color=\u00bb#ffffff\u00bb global_module=\u00bb516&#8243; saved_tabs=\u00bball\u00bb locked=\u00bboff\u00bb global_colors_info=\u00bb{%22gcid-9ccf4d47-8776-464e-917d-80caeddc4773%22:%91%22button_text_color__hover%22%93,%22gcid-body-color%22:%91%22button_bg_color%22%93}\u00bb sticky_enabled=\u00bb0&#8243;][et_pb_contact_field field_id=\u00bbnombre\u00bb field_title=\u00bbNombre\u00bb fullwidth_field=\u00bbon\u00bb _builder_version=\u00bb4.21.0&#8243; global_colors_info=\u00bb{}\u00bb button_text_size__hover_enabled=\u00bboff\u00bb button_one_text_size__hover_enabled=\u00bboff\u00bb button_two_text_size__hover_enabled=\u00bboff\u00bb button_one_text_color__hover_enabled=\u00bboff\u00bb button_two_text_color__hover_enabled=\u00bboff\u00bb button_border_width__hover_enabled=\u00bboff\u00bb button_one_border_width__hover_enabled=\u00bboff\u00bb button_two_border_width__hover_enabled=\u00bboff\u00bb button_border_color__hover_enabled=\u00bboff\u00bb button_one_border_color__hover_enabled=\u00bboff\u00bb button_two_border_color__hover_enabled=\u00bboff\u00bb button_border_radius__hover_enabled=\u00bboff\u00bb button_one_border_radius__hover_enabled=\u00bboff\u00bb button_two_border_radius__hover_enabled=\u00bboff\u00bb button_letter_spacing__hover_enabled=\u00bboff\u00bb button_one_letter_spacing__hover_enabled=\u00bboff\u00bb button_two_letter_spacing__hover_enabled=\u00bboff\u00bb button_bg_color__hover_enabled=\u00bboff\u00bb button_one_bg_color__hover_enabled=\u00bboff\u00bb button_two_bg_color__hover_enabled=\u00bboff\u00bb][\/et_pb_contact_field][et_pb_contact_field field_id=\u00bbtelefono\u00bb field_title=\u00bbTel\u00e9fono de contacto\u00bb fullwidth_field=\u00bbon\u00bb _builder_version=\u00bb4.21.0&#8243; global_colors_info=\u00bb{}\u00bb button_text_size__hover_enabled=\u00bboff\u00bb button_one_text_size__hover_enabled=\u00bboff\u00bb button_two_text_size__hover_enabled=\u00bboff\u00bb button_one_text_color__hover_enabled=\u00bboff\u00bb button_two_text_color__hover_enabled=\u00bboff\u00bb button_border_width__hover_enabled=\u00bboff\u00bb button_one_border_width__hover_enabled=\u00bboff\u00bb button_two_border_width__hover_enabled=\u00bboff\u00bb button_border_color__hover_enabled=\u00bboff\u00bb button_one_border_color__hover_enabled=\u00bboff\u00bb button_two_border_color__hover_enabled=\u00bboff\u00bb button_border_radius__hover_enabled=\u00bboff\u00bb button_one_border_radius__hover_enabled=\u00bboff\u00bb button_two_border_radius__hover_enabled=\u00bboff\u00bb button_letter_spacing__hover_enabled=\u00bboff\u00bb button_one_letter_spacing__hover_enabled=\u00bboff\u00bb button_two_letter_spacing__hover_enabled=\u00bboff\u00bb button_bg_color__hover_enabled=\u00bboff\u00bb button_one_bg_color__hover_enabled=\u00bboff\u00bb button_two_bg_color__hover_enabled=\u00bboff\u00bb][\/et_pb_contact_field][et_pb_contact_field field_id=\u00bbemail\u00bb field_title=\u00bbSu correo\u00bb field_type=\u00bbemail\u00bb fullwidth_field=\u00bbon\u00bb _builder_version=\u00bb4.27.5&#8243; global_colors_info=\u00bb{}\u00bb button_text_size__hover_enabled=\u00bboff\u00bb button_one_text_size__hover_enabled=\u00bboff\u00bb button_two_text_size__hover_enabled=\u00bboff\u00bb button_one_text_color__hover_enabled=\u00bboff\u00bb button_two_text_color__hover_enabled=\u00bboff\u00bb button_border_width__hover_enabled=\u00bboff\u00bb button_one_border_width__hover_enabled=\u00bboff\u00bb button_two_border_width__hover_enabled=\u00bboff\u00bb button_border_color__hover_enabled=\u00bboff\u00bb button_one_border_color__hover_enabled=\u00bboff\u00bb button_two_border_color__hover_enabled=\u00bboff\u00bb button_border_radius__hover_enabled=\u00bboff\u00bb button_one_border_radius__hover_enabled=\u00bboff\u00bb button_two_border_radius__hover_enabled=\u00bboff\u00bb button_letter_spacing__hover_enabled=\u00bboff\u00bb button_one_letter_spacing__hover_enabled=\u00bboff\u00bb button_two_letter_spacing__hover_enabled=\u00bboff\u00bb button_bg_color__hover_enabled=\u00bboff\u00bb button_one_bg_color__hover_enabled=\u00bboff\u00bb button_two_bg_color__hover_enabled=\u00bboff\u00bb][\/et_pb_contact_field][et_pb_contact_field field_id=\u00bbmensaje\u00bb field_title=\u00bbMensaje\u00bb field_type=\u00bbtext\u00bb fullwidth_field=\u00bbon\u00bb _builder_version=\u00bb4.21.0&#8243; custom_margin=\u00bb||40px|\u00bb global_colors_info=\u00bb{}\u00bb button_text_size__hover_enabled=\u00bboff\u00bb button_one_text_size__hover_enabled=\u00bboff\u00bb button_two_text_size__hover_enabled=\u00bboff\u00bb button_one_text_color__hover_enabled=\u00bboff\u00bb button_two_text_color__hover_enabled=\u00bboff\u00bb button_border_width__hover_enabled=\u00bboff\u00bb button_one_border_width__hover_enabled=\u00bboff\u00bb button_two_border_width__hover_enabled=\u00bboff\u00bb button_border_color__hover_enabled=\u00bboff\u00bb button_one_border_color__hover_enabled=\u00bboff\u00bb button_two_border_color__hover_enabled=\u00bboff\u00bb button_border_radius__hover_enabled=\u00bboff\u00bb button_one_border_radius__hover_enabled=\u00bboff\u00bb button_two_border_radius__hover_enabled=\u00bboff\u00bb button_letter_spacing__hover_enabled=\u00bboff\u00bb button_one_letter_spacing__hover_enabled=\u00bboff\u00bb button_two_letter_spacing__hover_enabled=\u00bboff\u00bb button_bg_color__hover_enabled=\u00bboff\u00bb button_one_bg_color__hover_enabled=\u00bboff\u00bb button_two_bg_color__hover_enabled=\u00bboff\u00bb][\/et_pb_contact_field][\/et_pb_contact_form][\/et_pb_column][\/et_pb_row][\/et_pb_section][et_pb_section fb_built=\u00bb1&#8243; admin_label=\u00bbContact Info\u00bb _builder_version=\u00bb4.19.4&#8243; background_image=\u00bbhttps:\/\/odontologosdiso.com\/wp-content\/uploads\/2023\/01\/dentist-13.png\u00bb background_size=\u00bbinitial\u00bb background_position=\u00bbtop_center\u00bb custom_padding=\u00bb0|0px|50px|0px|false|false\u00bb global_colors_info=\u00bb{}\u00bb][et_pb_row column_structure=\u00bb1_4,1_4,1_4,1_4&#8243; custom_padding_last_edited=\u00bbon|desktop\u00bb module_class=\u00bbdm-gold\u00bb _builder_version=\u00bb4.27.5&#8243; use_background_color_gradient=\u00bbon\u00bb background_color_gradient_direction=\u00bb108deg\u00bb background_color_gradient_stops=\u00bb#0059c3 0%|rgba(0,129,255,0.7) 100%\u00bb background_color_gradient_start=\u00bb#0059c3&#8243; background_color_gradient_end=\u00bbrgba(0,129,255,0.7)\u00bb max_width=\u00bb1280px\u00bb module_alignment=\u00bbcenter\u00bb custom_margin=\u00bb|||\u00bb custom_padding=\u00bb70px|5vw|70px|5vw|true|true\u00bb custom_padding_tablet=\u00bb|5vw||5vw||true\u00bb custom_padding_phone=\u00bb|5vw||5vw||true\u00bb animation_style=\u00bbzoom\u00bb animation_direction=\u00bbtop\u00bb animation_intensity_zoom=\u00bb1%\u00bb border_radii=\u00bb|||14vw|14vw\u00bb box_shadow_style=\u00bbpreset1&#8243; box_shadow_vertical=\u00bb20px\u00bb box_shadow_blur=\u00bb50px\u00bb box_shadow_color=\u00bbrgba(0,121,255,0.2)\u00bb use_custom_width=\u00bbon\u00bb custom_width_px=\u00bb1280px\u00bb locked=\u00bboff\u00bb global_colors_info=\u00bb{}\u00bb][et_pb_column type=\u00bb1_4&#8243; _builder_version=\u00bb4.16&#8243; custom_padding=\u00bb|||\u00bb custom_padding_tablet=\u00bb40px|||\u00bb custom_padding_phone=\u00bb20px|||\u00bb custom_padding_last_edited=\u00bboff|desktop\u00bb global_colors_info=\u00bb{}\u00bb padding_phone=\u00bb20px|||\u00bb padding_tablet=\u00bb40px|||\u00bb padding_last_edited=\u00bboff|desktop\u00bb custom_padding__hover=\u00bb|||\u00bb][et_pb_blurb title=\u00bbLl\u00e1manos\u00bb use_icon=\u00bbon\u00bb font_icon=\u00bb&#xe090;||divi||400&#8243; icon_color=\u00bb#ffffff\u00bb icon_placement=\u00bbleft\u00bb _builder_version=\u00bb4.27.5&#8243; header_level=\u00bbh3&#8243; header_font=\u00bb|600|||||||\u00bb header_text_color=\u00bbgcid-body-color\u00bb header_font_size=\u00bb1.3rem\u00bb header_line_height=\u00bb1.6em\u00bb body_font=\u00bb||||||||\u00bb body_text_color=\u00bbgcid-body-color\u00bb body_line_height=\u00bb2em\u00bb background_layout=\u00bbdark\u00bb animation=\u00bboff\u00bb global_colors_info=\u00bb{%22gcid-body-color%22:%91%22header_text_color%22,%22body_text_color%22%93}\u00bb]<\/p>\n<p>977 078 588<\/p>\n<p>630 680 637<\/p>\n<p>[\/et_pb_blurb][\/et_pb_column][et_pb_column type=\u00bb1_4&#8243; _builder_version=\u00bb4.16&#8243; custom_padding=\u00bb|||\u00bb custom_padding_tablet=\u00bb40px|||\u00bb custom_padding_phone=\u00bb20px|||\u00bb custom_padding_last_edited=\u00bboff|desktop\u00bb global_colors_info=\u00bb{}\u00bb padding_phone=\u00bb20px|||\u00bb padding_tablet=\u00bb40px|||\u00bb padding_last_edited=\u00bboff|desktop\u00bb custom_padding__hover=\u00bb|||\u00bb][et_pb_blurb title=\u00bbDirecci\u00f3n\u00bb use_icon=\u00bbon\u00bb font_icon=\u00bb&#xe081;||divi||400&#8243; icon_color=\u00bb#ffffff\u00bb icon_placement=\u00bbleft\u00bb _builder_version=\u00bb4.19.4&#8243; header_level=\u00bbh3&#8243; header_font=\u00bb|600|||||||\u00bb header_text_color=\u00bbgcid-body-color\u00bb header_font_size=\u00bb1.3rem\u00bb header_line_height=\u00bb1.6em\u00bb body_font=\u00bb||||||||\u00bb body_text_color=\u00bbgcid-body-color\u00bb body_line_height=\u00bb2em\u00bb background_layout=\u00bbdark\u00bb animation=\u00bboff\u00bb global_colors_info=\u00bb{%22gcid-body-color%22:%91%22header_text_color%22,%22body_text_color%22%93}\u00bb]<\/p>\n<p><span>Carrer Florenci Vives, 10<\/span><br \/><span>43002 Tarragona, Espa\u00f1a<\/span><\/p>\n<p>[\/et_pb_blurb][\/et_pb_column][et_pb_column type=\u00bb1_4&#8243; _builder_version=\u00bb4.16&#8243; custom_padding=\u00bb|||\u00bb custom_padding_tablet=\u00bb40px|||\u00bb custom_padding_phone=\u00bb20px|||\u00bb custom_padding_last_edited=\u00bboff|desktop\u00bb global_colors_info=\u00bb{}\u00bb padding_phone=\u00bb20px|||\u00bb padding_tablet=\u00bb40px|||\u00bb padding_last_edited=\u00bboff|desktop\u00bb custom_padding__hover=\u00bb|||\u00bb][et_pb_blurb title=\u00bbEmail\u00bb use_icon=\u00bbon\u00bb font_icon=\u00bb&#xf0e0;||fa||900&#8243; icon_color=\u00bb#ffffff\u00bb icon_placement=\u00bbleft\u00bb _builder_version=\u00bb4.19.4&#8243; header_level=\u00bbh3&#8243; header_font=\u00bb|600|||||||\u00bb header_text_color=\u00bbgcid-body-color\u00bb header_font_size=\u00bb1.3rem\u00bb header_line_height=\u00bb1.6em\u00bb body_font=\u00bb||||||||\u00bb body_text_color=\u00bbgcid-body-color\u00bb body_line_height=\u00bb2em\u00bb background_layout=\u00bbdark\u00bb animation=\u00bboff\u00bb global_colors_info=\u00bb{%22gcid-body-color%22:%91%22header_text_color%22,%22body_text_color%22%93}\u00bb]<\/p>\n<p>info@odontologosdiso.com<\/p>\n<p>[\/et_pb_blurb][\/et_pb_column][et_pb_column type=\u00bb1_4&#8243; _builder_version=\u00bb4.16&#8243; custom_padding=\u00bb|||\u00bb custom_padding_tablet=\u00bb40px|||\u00bb custom_padding_phone=\u00bb20px|||\u00bb custom_padding_last_edited=\u00bboff|desktop\u00bb global_colors_info=\u00bb{}\u00bb padding_phone=\u00bb20px|||\u00bb padding_tablet=\u00bb40px|||\u00bb padding_last_edited=\u00bboff|desktop\u00bb custom_padding__hover=\u00bb|||\u00bb][et_pb_blurb title=\u00bbHorario\u00bb use_icon=\u00bbon\u00bb font_icon=\u00bb&#xe06b;||divi||400&#8243; icon_color=\u00bb#ffffff\u00bb icon_placement=\u00bbleft\u00bb _builder_version=\u00bb4.21.0&#8243; header_level=\u00bbh3&#8243; header_font=\u00bb|600|||||||\u00bb header_text_color=\u00bbgcid-body-color\u00bb header_font_size=\u00bb1.3rem\u00bb header_line_height=\u00bb1.6em\u00bb body_font=\u00bb||||||||\u00bb body_text_color=\u00bbgcid-body-color\u00bb body_line_height=\u00bb2em\u00bb background_layout=\u00bbdark\u00bb animation=\u00bboff\u00bb locked=\u00bboff\u00bb global_colors_info=\u00bb{%22gcid-body-color%22:%91%22header_text_color%22,%22body_text_color%22%93}\u00bb]<\/p>\n<p><strong>Lunes\u00a0 a jueves:<\/strong><\/p>\n<p>Ma\u00f1anas: 10:00 \u2013 14:00<\/p>\n<p>Tardes: 16:00- 20:00<\/p>\n<p><strong>Viernes:\u00a0<\/strong>10:00 &#8211; 1400\u00a0<\/p>\n<p><strong>S\u00e1bados y domingos cerrado.<\/strong><\/p>\n<p>[\/et_pb_blurb][\/et_pb_column][\/et_pb_row][\/et_pb_section][et_pb_section fb_built=\u00bb1&#8243; fullwidth=\u00bbon\u00bb admin_label=\u00bbMap\u00bb _builder_version=\u00bb4.19.4&#8243; background_color=\u00bb#f6f7fa\u00bb custom_margin=\u00bb||-6px||false|false\u00bb custom_padding=\u00bb||||false|false\u00bb top_divider_style=\u00bbwave\u00bb top_divider_color=\u00bb#f6f7fa\u00bb top_divider_height=\u00bb14px\u00bb top_divider_repeat=\u00bb18x\u00bb top_divider_repeat_tablet=\u00bb9x\u00bb top_divider_repeat_phone=\u00bb4x\u00bb top_divider_repeat_last_edited=\u00bbon|phone\u00bb global_colors_info=\u00bb{}\u00bb][et_pb_fullwidth_code _builder_version=\u00bb4.21.0&#8243; _module_preset=\u00bbdefault\u00bb global_colors_info=\u00bb{}\u00bb]<iframe src=\"https:\/\/www.google.com\/maps\/embed?pb=!1m14!1m8!1m3!1d12022.436338529991!2d1.2529485!3d41.1212278!3m2!1i1024!2i768!4f13.1!3m3!1m2!1s0x0%3A0xca27470a9a443f62!2sCl%C3%ADnica%20dental%20Tarragona%20-%20Policl%C3%ADnica%20Rumon!5e0!3m2!1ses!2ses!4v1672766437500!5m2!1ses!2ses\" width=\"2560\" height=\"400\" style=\"border:0;\" allowfullscreen=\"\" loading=\"lazy\" referrerpolicy=\"no-referrer-when-downgrade\"><\/iframe>[\/et_pb_fullwidth_code][\/et_pb_section]<\/p>","protected":false},"excerpt":{"rendered":"<p>Contacto Rellena el formulario de contacto o utiliza los tel\u00e9fonos a continuaci\u00f3n para contactor con nuestros especialistas en odontolog\u00eda y ortodoncia. Cu\u00e9ntanos con que te podemos ayudar y tu dentista de confianza u odont\u00f3logo se pondr\u00e1 en contacto contigo lo m\u00e1s r\u00e1pido posible. &nbsp;977 078 588 630 680 637Carrer Florenci Vives, 1043002 Tarragona, Espa\u00f1ainfo@odontologosdiso.comLunes\u00a0 a [&hellip;]<\/p>","protected":false},"author":1,"featured_media":0,"parent":0,"menu_order":0,"comment_status":"closed","ping_status":"closed","template":"","meta":{"_et_pb_use_builder":"on","_et_pb_old_content":"","_et_gb_content_width":"","footnotes":""},"class_list":["post-212","page","type-page","status-publish","hentry"],"yoast_head":"<!-- This site is optimized with the Yoast SEO plugin v27.0 - https:\/\/yoast.com\/product\/yoast-seo-wordpress\/ -->\n<title>CONTACTO - odontologosdiso.com<\/title>\n<meta name=\"robots\" content=\"index, follow, max-snippet:-1, max-image-preview:large, max-video-preview:-1\" \/>\n<link rel=\"canonical\" href=\"https:\/\/odontologosdiso.com\/ca\/contacto\/\" \/>\n<meta property=\"og:locale\" content=\"ca_ES\" \/>\n<meta property=\"og:type\" content=\"article\" \/>\n<meta property=\"og:title\" content=\"CONTACTO - odontologosdiso.com\" \/>\n<meta property=\"og:description\" content=\"Contacto Rellena el formulario de contacto o utiliza los tel\u00e9fonos a continuaci\u00f3n para contactor con nuestros especialistas en odontolog\u00eda y ortodoncia. Cu\u00e9ntanos con que te podemos ayudar y tu dentista de confianza u odont\u00f3logo se pondr\u00e1 en contacto contigo lo m\u00e1s r\u00e1pido posible. &nbsp;977 078 588 630 680 637Carrer Florenci Vives, 1043002 Tarragona, Espa\u00f1ainfo@odontologosdiso.comLunes\u00a0 a [&hellip;]\" \/>\n<meta property=\"og:url\" content=\"https:\/\/odontologosdiso.com\/ca\/contacto\/\" \/>\n<meta property=\"og:site_name\" content=\"odontologosdiso.com\" \/>\n<meta property=\"article:modified_time\" content=\"2026-02-18T10:55:29+00:00\" \/>\n<meta property=\"og:image\" content=\"https:\/\/odontologosdiso.com\/wp-content\/uploads\/2026\/02\/logo-diso-odontologos-negro.jpg\" \/>\n\t<meta property=\"og:image:width\" content=\"500\" \/>\n\t<meta property=\"og:image:height\" content=\"250\" \/>\n\t<meta property=\"og:image:type\" content=\"image\/jpeg\" \/>\n<meta name=\"twitter:card\" content=\"summary_large_image\" \/>\n<meta name=\"twitter:label1\" content=\"Temps estimat de lectura\" \/>\n\t<meta name=\"twitter:data1\" content=\"9 minuts\" \/>\n<script type=\"application\/ld+json\" class=\"yoast-schema-graph\">{\"@context\":\"https:\/\/schema.org\",\"@graph\":[{\"@type\":\"WebPage\",\"@id\":\"https:\/\/odontologosdiso.com\/contacto\/\",\"url\":\"https:\/\/odontologosdiso.com\/contacto\/\",\"name\":\"CONTACTO - odontologosdiso.com\",\"isPartOf\":{\"@id\":\"https:\/\/odontologosdiso.com\/#website\"},\"datePublished\":\"2023-01-03T17:11:47+00:00\",\"dateModified\":\"2026-02-18T10:55:29+00:00\",\"breadcrumb\":{\"@id\":\"https:\/\/odontologosdiso.com\/contacto\/#breadcrumb\"},\"inLanguage\":\"ca\",\"potentialAction\":[{\"@type\":\"ReadAction\",\"target\":[\"https:\/\/odontologosdiso.com\/contacto\/\"]}]},{\"@type\":\"BreadcrumbList\",\"@id\":\"https:\/\/odontologosdiso.com\/contacto\/#breadcrumb\",\"itemListElement\":[{\"@type\":\"ListItem\",\"position\":1,\"name\":\"Portada\",\"item\":\"https:\/\/odontologosdiso.com\/\"},{\"@type\":\"ListItem\",\"position\":2,\"name\":\"CONTACTO\"}]},{\"@type\":\"WebSite\",\"@id\":\"https:\/\/odontologosdiso.com\/#website\",\"url\":\"https:\/\/odontologosdiso.com\/\",\"name\":\"Odontologos Diso Tarragona\",\"description\":\"Cl\u00ednica Dental Odontologos Diso en Tarragona\",\"alternateName\":\"Odontologos Diso\",\"potentialAction\":[{\"@type\":\"SearchAction\",\"target\":{\"@type\":\"EntryPoint\",\"urlTemplate\":\"https:\/\/odontologosdiso.com\/?s={search_term_string}\"},\"query-input\":{\"@type\":\"PropertyValueSpecification\",\"valueRequired\":true,\"valueName\":\"search_term_string\"}}],\"inLanguage\":\"ca\"}]}<\/script>\n<!-- \/ Yoast SEO plugin. -->","yoast_head_json":{"title":"CONTACTO - odontologosdiso.com","robots":{"index":"index","follow":"follow","max-snippet":"max-snippet:-1","max-image-preview":"max-image-preview:large","max-video-preview":"max-video-preview:-1"},"canonical":"https:\/\/odontologosdiso.com\/ca\/contacto\/","og_locale":"ca_ES","og_type":"article","og_title":"CONTACTO - odontologosdiso.com","og_description":"Contacto Rellena el formulario de contacto o utiliza los tel\u00e9fonos a continuaci\u00f3n para contactor con nuestros especialistas en odontolog\u00eda y ortodoncia. Cu\u00e9ntanos con que te podemos ayudar y tu dentista de confianza u odont\u00f3logo se pondr\u00e1 en contacto contigo lo m\u00e1s r\u00e1pido posible. &nbsp;977 078 588 630 680 637Carrer Florenci Vives, 1043002 Tarragona, Espa\u00f1ainfo@odontologosdiso.comLunes\u00a0 a [&hellip;]","og_url":"https:\/\/odontologosdiso.com\/ca\/contacto\/","og_site_name":"odontologosdiso.com","article_modified_time":"2026-02-18T10:55:29+00:00","og_image":[{"width":500,"height":250,"url":"https:\/\/odontologosdiso.com\/wp-content\/uploads\/2026\/02\/logo-diso-odontologos-negro.jpg","type":"image\/jpeg"}],"twitter_card":"summary_large_image","twitter_misc":{"Temps estimat de lectura":"9 minuts"},"schema":{"@context":"https:\/\/schema.org","@graph":[{"@type":"WebPage","@id":"https:\/\/odontologosdiso.com\/contacto\/","url":"https:\/\/odontologosdiso.com\/contacto\/","name":"CONTACTO - odontologosdiso.com","isPartOf":{"@id":"https:\/\/odontologosdiso.com\/#website"},"datePublished":"2023-01-03T17:11:47+00:00","dateModified":"2026-02-18T10:55:29+00:00","breadcrumb":{"@id":"https:\/\/odontologosdiso.com\/contacto\/#breadcrumb"},"inLanguage":"ca","potentialAction":[{"@type":"ReadAction","target":["https:\/\/odontologosdiso.com\/contacto\/"]}]},{"@type":"BreadcrumbList","@id":"https:\/\/odontologosdiso.com\/contacto\/#breadcrumb","itemListElement":[{"@type":"ListItem","position":1,"name":"Portada","item":"https:\/\/odontologosdiso.com\/"},{"@type":"ListItem","position":2,"name":"CONTACTO"}]},{"@type":"WebSite","@id":"https:\/\/odontologosdiso.com\/#website","url":"https:\/\/odontologosdiso.com\/","name":"Odontologos Diso Tarragona","description":"Cl\u00ednica Dental Odontologos Diso en Tarragona","alternateName":"Odontologos Diso","potentialAction":[{"@type":"SearchAction","target":{"@type":"EntryPoint","urlTemplate":"https:\/\/odontologosdiso.com\/?s={search_term_string}"},"query-input":{"@type":"PropertyValueSpecification","valueRequired":true,"valueName":"search_term_string"}}],"inLanguage":"ca"}]}},"_links":{"self":[{"href":"https:\/\/odontologosdiso.com\/ca\/wp-json\/wp\/v2\/pages\/212","targetHints":{"allow":["GET"]}}],"collection":[{"href":"https:\/\/odontologosdiso.com\/ca\/wp-json\/wp\/v2\/pages"}],"about":[{"href":"https:\/\/odontologosdiso.com\/ca\/wp-json\/wp\/v2\/types\/page"}],"author":[{"embeddable":true,"href":"https:\/\/odontologosdiso.com\/ca\/wp-json\/wp\/v2\/users\/1"}],"replies":[{"embeddable":true,"href":"https:\/\/odontologosdiso.com\/ca\/wp-json\/wp\/v2\/comments?post=212"}],"version-history":[{"count":23,"href":"https:\/\/odontologosdiso.com\/ca\/wp-json\/wp\/v2\/pages\/212\/revisions"}],"predecessor-version":[{"id":991,"href":"https:\/\/odontologosdiso.com\/ca\/wp-json\/wp\/v2\/pages\/212\/revisions\/991"}],"wp:attachment":[{"href":"https:\/\/odontologosdiso.com\/ca\/wp-json\/wp\/v2\/media?parent=212"}],"curies":[{"name":"wp","href":"https:\/\/api.w.org\/{rel}","templated":true}]}}